{"id":1011,"date":"2023-09-18T11:43:53","date_gmt":"2023-09-18T16:43:53","guid":{"rendered":"https:\/\/madamluicachi.com\/?post_type=product&#038;p=1011"},"modified":"2023-11-14T16:35:17","modified_gmt":"2023-11-14T21:35:17","slug":"calenita-totebag-copia","status":"publish","type":"product","link":"https:\/\/madamluicachi.com\/index.php\/product\/calenita-totebag-copia\/","title":{"rendered":"Vampyr Love Totebag"},"content":{"rendered":"<p>\ud83e\ude84 <strong>Material de Lienzo de Alta Calidad:<\/strong> Duradera y lista para soportar todos tus tesoros m\u00e1gicos.<\/p>\n<p>\ud83d\udcda <strong>Tama\u00f1o Espacioso:<\/strong> 45x30cm, ideal para libros de hechizos, pergaminos y m\u00e1s.<\/p>\n<p>\ud83c\udf20 <strong>Dise\u00f1o Encantado:<\/strong> Ilustraciones m\u00e1gicas en cada bolsa, que te transportar\u00e1n a reinos lejanos.<\/p>\n<p>\ud83c\udf1f <strong>Manijas Resistentes:<\/strong> F\u00e1ciles de llevar en tus traves\u00edas m\u00e1gicas.<\/p>\n","protected":false},"excerpt":{"rendered":"<p>&#8220;Una totebag que encierra la eternidad del amor vamp\u00edrico. Con la ilustraci\u00f3n de un vampiro, esta bolsa evoca el misterio y la pasi\u00f3n de la inmortalidad. Ll\u00e9vala contigo y lleva contigo la promesa de un amor que trasciende el tiempo. &#8216;Only vampires can love you forever&#8217;.&#8221; \ud83e\udd87\ud83d\udc95\u2728<\/p>\n","protected":false},"featured_media":1609,"comment_status":"open","ping_status":"closed","template":"","meta":{"_joinchat":[]},"product_cat":[15],"product_tag":[],"class_list":["post-1011","product","type-product","status-publish","has-post-thumbnail","hentry","product_cat-totebags"],"aioseo_notices":[],"_links":{"self":[{"href":"https:\/\/madamluicachi.com\/index.php\/wp-json\/wp\/v2\/product\/1011"}],"collection":[{"href":"https:\/\/madamluicachi.com\/index.php\/wp-json\/wp\/v2\/product"}],"about":[{"href":"https:\/\/madamluicachi.com\/index.php\/wp-json\/wp\/v2\/types\/product"}],"replies":[{"embeddable":true,"href":"https:\/\/madamluicachi.com\/index.php\/wp-json\/wp\/v2\/comments?post=1011"}],"wp:featuredmedia":[{"embeddable":true,"href":"https:\/\/madamluicachi.com\/index.php\/wp-json\/wp\/v2\/media\/1609"}],"wp:attachment":[{"href":"https:\/\/madamluicachi.com\/index.php\/wp-json\/wp\/v2\/media?parent=1011"}],"wp:term":[{"taxonomy":"product_cat","embeddable":true,"href":"https:\/\/madamluicachi.com\/index.php\/wp-json\/wp\/v2\/product_cat?post=1011"},{"taxonomy":"product_tag","embeddable":true,"href":"https:\/\/madamluicachi.com\/index.php\/wp-json\/wp\/v2\/product_tag?post=1011"}],"curies":[{"name":"wp","href":"https:\/\/api.w.org\/{rel}","templated":true}]}}