{"id":1365,"date":"2023-10-30T11:47:38","date_gmt":"2023-10-30T16:47:38","guid":{"rendered":"https:\/\/madamluicachi.com\/?post_type=product&#038;p=1365"},"modified":"2023-11-14T16:32:33","modified_gmt":"2023-11-14T21:32:33","slug":"do-you-like-scary-movies","status":"publish","type":"product","link":"https:\/\/madamluicachi.com\/index.php\/product\/do-you-like-scary-movies\/","title":{"rendered":"Do You Like Scary Movies?"},"content":{"rendered":"<p>\ud83c\udf1f <strong>Ilustraciones de Ensue\u00f1o:<\/strong> Cada lado del marcap\u00e1ginas te sumerge en un mundo de fantas\u00eda y encanto.<\/p>\n<p>\u2728 <strong>Doble Inspiraci\u00f3n:<\/strong> Disfruta de dos dise\u00f1os \u00fanicos que inspirar\u00e1n tus lecturas.<\/p>\n<p>\ud83c\udf19 <strong>Acabado Mate:<\/strong> El plastificado mate le da un toque elegante y suave.<\/p>\n<p>\ud83d\udcda <strong>Tu Compa\u00f1ero Literario:<\/strong> Este marcap\u00e1ginas te acompa\u00f1ar\u00e1 en tus aventuras literarias.<\/p>\n","protected":false},"excerpt":{"rendered":"<p>Explora reinos m\u00e1gicos y aventuras asombrosas con cada libro que leas, guiado por este marcap\u00e1ginas de fantas\u00eda. \ud83d\udcda\u2728<\/p>\n","protected":false},"featured_media":1551,"comment_status":"open","ping_status":"closed","template":"","meta":{"_joinchat":[]},"product_cat":[33],"product_tag":[],"class_list":["post-1365","product","type-product","status-publish","has-post-thumbnail","hentry","product_cat-separadores"],"aioseo_notices":[],"_links":{"self":[{"href":"https:\/\/madamluicachi.com\/index.php\/wp-json\/wp\/v2\/product\/1365"}],"collection":[{"href":"https:\/\/madamluicachi.com\/index.php\/wp-json\/wp\/v2\/product"}],"about":[{"href":"https:\/\/madamluicachi.com\/index.php\/wp-json\/wp\/v2\/types\/product"}],"replies":[{"embeddable":true,"href":"https:\/\/madamluicachi.com\/index.php\/wp-json\/wp\/v2\/comments?post=1365"}],"wp:featuredmedia":[{"embeddable":true,"href":"https:\/\/madamluicachi.com\/index.php\/wp-json\/wp\/v2\/media\/1551"}],"wp:attachment":[{"href":"https:\/\/madamluicachi.com\/index.php\/wp-json\/wp\/v2\/media?parent=1365"}],"wp:term":[{"taxonomy":"product_cat","embeddable":true,"href":"https:\/\/madamluicachi.com\/index.php\/wp-json\/wp\/v2\/product_cat?post=1365"},{"taxonomy":"product_tag","embeddable":true,"href":"https:\/\/madamluicachi.com\/index.php\/wp-json\/wp\/v2\/product_tag?post=1365"}],"curies":[{"name":"wp","href":"https:\/\/api.w.org\/{rel}","templated":true}]}}