{"id":1631,"date":"2023-11-14T13:49:42","date_gmt":"2023-11-14T18:49:42","guid":{"rendered":"https:\/\/madamluicachi.com\/?post_type=product&#038;p=1631"},"modified":"2023-11-14T16:26:27","modified_gmt":"2023-11-14T21:26:27","slug":"cuaderno-de-la-hada-navidena","status":"publish","type":"product","link":"https:\/\/madamluicachi.com\/index.php\/product\/cuaderno-de-la-hada-navidena\/","title":{"rendered":"Cuaderno de la Hada Navide\u00f1a"},"content":{"rendered":"<p><strong>\ud83c\udfa8 Arte Festivo:<\/strong> La portada captura la esencia m\u00e1gica de la Navidad, inspirando creatividad y pensamientos llenos de alegr\u00eda.<\/p>\n<p>\ud83d\udcdd <strong>Abundante Espacio:<\/strong> Con 100 hojas de papel blanco bond de 70g,tendr\u00e1s un espacio ilimitado para plasmar tus ideas y reflexiones en esta temporada festiva.<\/p>\n<p>\ud83d\udcda <strong>Estilo R\u00fastico:<\/strong> La encuadernaci\u00f3n r\u00fastica no solo es encantadora, sino tambi\u00e9n resistente, perfecta para acompa\u00f1arte en tus momentos m\u00e1s creativos y festivos.<\/p>\n","protected":false},"excerpt":{"rendered":"<p>Este cuaderno es un santuario para explorar la magia de la Navidad y dejar fluir tus pensamientos m\u00e1s alegres. Ideal para capturar tus sue\u00f1os, deseos y momentos m\u00e1s m\u00e1gicos en esta temporada de celebraci\u00f3n. \ud83c\udf1f\ud83c\udf84<\/p>\n","protected":false},"featured_media":1543,"comment_status":"open","ping_status":"closed","template":"","meta":{"_joinchat":[]},"product_cat":[27],"product_tag":[],"class_list":["post-1631","product","type-product","status-publish","has-post-thumbnail","hentry","product_cat-cuadernos"],"aioseo_notices":[],"_links":{"self":[{"href":"https:\/\/madamluicachi.com\/index.php\/wp-json\/wp\/v2\/product\/1631"}],"collection":[{"href":"https:\/\/madamluicachi.com\/index.php\/wp-json\/wp\/v2\/product"}],"about":[{"href":"https:\/\/madamluicachi.com\/index.php\/wp-json\/wp\/v2\/types\/product"}],"replies":[{"embeddable":true,"href":"https:\/\/madamluicachi.com\/index.php\/wp-json\/wp\/v2\/comments?post=1631"}],"wp:featuredmedia":[{"embeddable":true,"href":"https:\/\/madamluicachi.com\/index.php\/wp-json\/wp\/v2\/media\/1543"}],"wp:attachment":[{"href":"https:\/\/madamluicachi.com\/index.php\/wp-json\/wp\/v2\/media?parent=1631"}],"wp:term":[{"taxonomy":"product_cat","embeddable":true,"href":"https:\/\/madamluicachi.com\/index.php\/wp-json\/wp\/v2\/product_cat?post=1631"},{"taxonomy":"product_tag","embeddable":true,"href":"https:\/\/madamluicachi.com\/index.php\/wp-json\/wp\/v2\/product_tag?post=1631"}],"curies":[{"name":"wp","href":"https:\/\/api.w.org\/{rel}","templated":true}]}}