{"id":1640,"date":"2023-11-14T14:59:57","date_gmt":"2023-11-14T19:59:57","guid":{"rendered":"https:\/\/madamluicachi.com\/?post_type=product&#038;p=1640"},"modified":"2023-11-14T16:31:16","modified_gmt":"2023-11-14T21:31:16","slug":"scarecrow-girl","status":"publish","type":"product","link":"https:\/\/madamluicachi.com\/index.php\/product\/scarecrow-girl\/","title":{"rendered":"Scarecrow Girl"},"content":{"rendered":"<p>\ud83c\udf20 <strong>Ilustraciones M\u00e1gicas:<\/strong> Cada lado del marcap\u00e1ginas te transporta a un reino de encanto y asombro.<\/p>\n<p>\u2728 <strong>Doble Inspiraci\u00f3n:<\/strong> La impresi\u00f3n en ambos lados te permite disfrutar de dos dise\u00f1os \u00fanicos.<\/p>\n<p>\u2744\ufe0f <strong>Acabado Escarchado:<\/strong> El plastificado escarchado a\u00f1ade un toque de magia t\u00e1ctil y visual.<\/p>\n<p>\ud83d\udcda <strong>Acompa\u00f1ante Fiel:<\/strong> Este marcap\u00e1ginas ser\u00e1 tu compa\u00f1ero en todas tus aventuras literarias.<\/p>\n","protected":false},"excerpt":{"rendered":"<p>Sum\u00e9rgete en la magia de Halloween y lleva su esp\u00edritu a tus lecturas con este separador que celebra la diversi\u00f3n y el misterio de esta festividad. \ud83d\udcda\ud83c\udf83<\/p>\n","protected":false},"featured_media":1554,"comment_status":"open","ping_status":"closed","template":"","meta":{"_joinchat":[]},"product_cat":[33],"product_tag":[],"class_list":["post-1640","product","type-product","status-publish","has-post-thumbnail","hentry","product_cat-separadores"],"aioseo_notices":[],"_links":{"self":[{"href":"https:\/\/madamluicachi.com\/index.php\/wp-json\/wp\/v2\/product\/1640"}],"collection":[{"href":"https:\/\/madamluicachi.com\/index.php\/wp-json\/wp\/v2\/product"}],"about":[{"href":"https:\/\/madamluicachi.com\/index.php\/wp-json\/wp\/v2\/types\/product"}],"replies":[{"embeddable":true,"href":"https:\/\/madamluicachi.com\/index.php\/wp-json\/wp\/v2\/comments?post=1640"}],"wp:featuredmedia":[{"embeddable":true,"href":"https:\/\/madamluicachi.com\/index.php\/wp-json\/wp\/v2\/media\/1554"}],"wp:attachment":[{"href":"https:\/\/madamluicachi.com\/index.php\/wp-json\/wp\/v2\/media?parent=1640"}],"wp:term":[{"taxonomy":"product_cat","embeddable":true,"href":"https:\/\/madamluicachi.com\/index.php\/wp-json\/wp\/v2\/product_cat?post=1640"},{"taxonomy":"product_tag","embeddable":true,"href":"https:\/\/madamluicachi.com\/index.php\/wp-json\/wp\/v2\/product_tag?post=1640"}],"curies":[{"name":"wp","href":"https:\/\/api.w.org\/{rel}","templated":true}]}}