{"id":1643,"date":"2023-11-14T15:55:51","date_gmt":"2023-11-14T20:55:51","guid":{"rendered":"https:\/\/madamluicachi.com\/?post_type=product&#038;p=1643"},"modified":"2023-11-14T19:35:00","modified_gmt":"2023-11-15T00:35:00","slug":"la-pola","status":"publish","type":"product","link":"https:\/\/madamluicachi.com\/index.php\/product\/la-pola\/","title":{"rendered":"La Pola"},"content":{"rendered":"<p>\ud83c\udfa8 <strong>Ilustraciones Originales:<\/strong> Cada postal es una obra de arte en s\u00ed misma, creada con amor y magia.<\/p>\n<p>\ud83c\udf1f <strong>Impresi\u00f3n de Alta Calidad:<\/strong> Los detalles cobran vida con nuestra impresi\u00f3n de alta definici\u00f3n.<\/p>\n<p>\ud83d\udee1\ufe0f <strong>Plastificado Mate:<\/strong> Protege tus postales mientras les da un toque de elegancia.<\/p>\n<p>\ud83d\udc8c <strong>Espacio para Magia Personal:<\/strong> En el reverso, puedes dejar tus mensajes m\u00e1gicos para compartir la aventura.<\/p>\n<p>&nbsp;<\/p>\n","protected":false},"excerpt":{"rendered":"<p>\u00a1Celebremos la valent\u00eda y el legado de Policarpa Salavarrieta! Esta postal lleva consigo el esp\u00edritu indomable de la hero\u00edna colombiana. Una ilustraci\u00f3n que rinde homenaje a su valent\u00eda y determinaci\u00f3n, record\u00e1ndonos el coraje arraigado en nuestra historia.\u00a0 \ud83c\udde8\ud83c\uddf4\u2728<\/p>\n","protected":false},"featured_media":1575,"comment_status":"open","ping_status":"closed","template":"","meta":{"_joinchat":[]},"product_cat":[28],"product_tag":[],"class_list":["post-1643","product","type-product","status-publish","has-post-thumbnail","hentry","product_cat-postal"],"aioseo_notices":[],"_links":{"self":[{"href":"https:\/\/madamluicachi.com\/index.php\/wp-json\/wp\/v2\/product\/1643"}],"collection":[{"href":"https:\/\/madamluicachi.com\/index.php\/wp-json\/wp\/v2\/product"}],"about":[{"href":"https:\/\/madamluicachi.com\/index.php\/wp-json\/wp\/v2\/types\/product"}],"replies":[{"embeddable":true,"href":"https:\/\/madamluicachi.com\/index.php\/wp-json\/wp\/v2\/comments?post=1643"}],"wp:featuredmedia":[{"embeddable":true,"href":"https:\/\/madamluicachi.com\/index.php\/wp-json\/wp\/v2\/media\/1575"}],"wp:attachment":[{"href":"https:\/\/madamluicachi.com\/index.php\/wp-json\/wp\/v2\/media?parent=1643"}],"wp:term":[{"taxonomy":"product_cat","embeddable":true,"href":"https:\/\/madamluicachi.com\/index.php\/wp-json\/wp\/v2\/product_cat?post=1643"},{"taxonomy":"product_tag","embeddable":true,"href":"https:\/\/madamluicachi.com\/index.php\/wp-json\/wp\/v2\/product_tag?post=1643"}],"curies":[{"name":"wp","href":"https:\/\/api.w.org\/{rel}","templated":true}]}}