{"id":1744,"date":"2023-11-15T12:46:50","date_gmt":"2023-11-15T17:46:50","guid":{"rendered":"https:\/\/madamluicachi.com\/?post_type=product&#038;p=1744"},"modified":"2023-11-15T12:52:00","modified_gmt":"2023-11-15T17:52:00","slug":"bucket-hats","status":"publish","type":"product","link":"https:\/\/madamluicachi.com\/index.php\/product\/bucket-hats\/","title":{"rendered":"Bucket Hats"},"content":{"rendered":"<p>\ud83c\udf53\ud83d\udc38 \u00a1Conoce nuestros bucket hats hechos a mano en crochet! Desde jugosas fresas hasta encantadoras ranas, estos sombreros se <strong>elaboran bajo pedido<\/strong> con el dise\u00f1o que desees. Hechos con hilos de alta calidad y mucho cari\u00f1o, cada sombrero es \u00fanico y especial.<\/p>\n","protected":false},"excerpt":{"rendered":"<p>Estos bucket hats son no solo un accesorio de moda, sino una declaraci\u00f3n de tu estilo personal. Protege tu rostro del sol con estos sombreros divertidos y frescos. \u00a1Elige tu dise\u00f1o favorito y destaca con tu propio estilo! \ud83c\udf1f\ud83e\uddf6<\/p>\n","protected":false},"featured_media":1604,"comment_status":"open","ping_status":"closed","template":"","meta":{"_joinchat":[]},"product_cat":[34],"product_tag":[],"class_list":["post-1744","product","type-product","status-publish","has-post-thumbnail","hentry","product_cat-sombreros"],"aioseo_notices":[],"_links":{"self":[{"href":"https:\/\/madamluicachi.com\/index.php\/wp-json\/wp\/v2\/product\/1744"}],"collection":[{"href":"https:\/\/madamluicachi.com\/index.php\/wp-json\/wp\/v2\/product"}],"about":[{"href":"https:\/\/madamluicachi.com\/index.php\/wp-json\/wp\/v2\/types\/product"}],"replies":[{"embeddable":true,"href":"https:\/\/madamluicachi.com\/index.php\/wp-json\/wp\/v2\/comments?post=1744"}],"wp:featuredmedia":[{"embeddable":true,"href":"https:\/\/madamluicachi.com\/index.php\/wp-json\/wp\/v2\/media\/1604"}],"wp:attachment":[{"href":"https:\/\/madamluicachi.com\/index.php\/wp-json\/wp\/v2\/media?parent=1744"}],"wp:term":[{"taxonomy":"product_cat","embeddable":true,"href":"https:\/\/madamluicachi.com\/index.php\/wp-json\/wp\/v2\/product_cat?post=1744"},{"taxonomy":"product_tag","embeddable":true,"href":"https:\/\/madamluicachi.com\/index.php\/wp-json\/wp\/v2\/product_tag?post=1744"}],"curies":[{"name":"wp","href":"https:\/\/api.w.org\/{rel}","templated":true}]}}